{"id":100,"date":"2024-08-31T21:39:22","date_gmt":"2024-09-01T00:39:22","guid":{"rendered":"http:\/\/sinproesemma.elefanti.com.br\/?page_id=100"},"modified":"2024-09-09T09:32:21","modified_gmt":"2024-09-09T12:32:21","slug":"sinproesemma-nucleo-candido-mendes","status":"publish","type":"page","link":"https:\/\/sinproesemmanucleocm.com.br\/","title":{"rendered":"home"},"content":{"rendered":"\t\t<div data-elementor-type=\"wp-page\" data-elementor-id=\"100\" class=\"elementor elementor-100\" data-elementor-post-type=\"page\">\n\t\t\t\t\t\t<section class=\"elementor-section elementor-top-section elementor-element elementor-element-de81bb elementor-section-boxed elementor-section-height-default elementor-section-height-default\" data-id=\"de81bb\" data-element_type=\"section\" data-settings=\"{&quot;background_background&quot;:&quot;classic&quot;}\">\n\t\t\t\t\t\t\t<div class=\"elementor-background-overlay\"><\/div>\n\t\t\t\t\t\t\t<div class=\"elementor-container elementor-column-gap-default\">\n\t\t\t\t\t<div class=\"elementor-column elementor-col-100 elementor-top-column elementor-element elementor-element-5bd6b3b3\" data-id=\"5bd6b3b3\" data-element_type=\"column\">\n\t\t\t<div class=\"elementor-widget-wrap elementor-element-populated\">\n\t\t\t\t\t\t<section class=\"elementor-section elementor-inner-section elementor-element elementor-element-4f3d2ada elementor-section-boxed elementor-section-height-default elementor-section-height-default\" data-id=\"4f3d2ada\" data-element_type=\"section\">\n\t\t\t\t\t\t<div class=\"elementor-container elementor-column-gap-default\">\n\t\t\t\t\t<div class=\"elementor-column elementor-col-50 elementor-inner-column elementor-element elementor-element-1c5d0f13\" data-id=\"1c5d0f13\" data-element_type=\"column\">\n\t\t\t<div class=\"elementor-widget-wrap elementor-element-populated\">\n\t\t\t\t\t\t<div class=\"elementor-element elementor-element-3d15f528 elementor-invisible elementor-widget elementor-widget-heading\" data-id=\"3d15f528\" data-element_type=\"widget\" data-settings=\"{&quot;_animation&quot;:&quot;fadeInLeft&quot;}\" data-widget_type=\"heading.default\">\n\t\t\t\t<div class=\"elementor-widget-container\">\n\t\t\t<style>\/*! elementor - v3.23.0 - 05-08-2024 *\/\n.elementor-heading-title{padding:0;margin:0;line-height:1}.elementor-widget-heading .elementor-heading-title[class*=elementor-size-]>a{color:inherit;font-size:inherit;line-height:inherit}.elementor-widget-heading .elementor-heading-title.elementor-size-small{font-size:15px}.elementor-widget-heading .elementor-heading-title.elementor-size-medium{font-size:19px}.elementor-widget-heading .elementor-heading-title.elementor-size-large{font-size:29px}.elementor-widget-heading .elementor-heading-title.elementor-size-xl{font-size:39px}.elementor-widget-heading .elementor-heading-title.elementor-size-xxl{font-size:59px}<\/style><h2 class=\"elementor-heading-title elementor-size-default\">Informa\u00e7\u00f5es<\/h2>\t\t<\/div>\n\t\t\t\t<\/div>\n\t\t\t\t<div class=\"elementor-element elementor-element-24179b95 elementor-invisible elementor-widget elementor-widget-heading\" data-id=\"24179b95\" data-element_type=\"widget\" data-settings=\"{&quot;_animation&quot;:&quot;fadeInUp&quot;}\" data-widget_type=\"heading.default\">\n\t\t\t\t<div class=\"elementor-widget-container\">\n\t\t\t<h2 class=\"elementor-heading-title elementor-size-default\">Precat\u00f3rios do FUNDEF <\/h2>\t\t<\/div>\n\t\t\t\t<\/div>\n\t\t\t\t\t<\/div>\n\t\t<\/div>\n\t\t\t\t<div class=\"elementor-column elementor-col-50 elementor-inner-column elementor-element elementor-element-29d24c41\" data-id=\"29d24c41\" data-element_type=\"column\">\n\t\t\t<div class=\"elementor-widget-wrap elementor-element-populated\">\n\t\t\t\t\t\t<div class=\"elementor-element elementor-element-b1d1cbc elementor-invisible elementor-widget elementor-widget-text-editor\" data-id=\"b1d1cbc\" data-element_type=\"widget\" data-settings=\"{&quot;_animation&quot;:&quot;fadeInRight&quot;}\" data-widget_type=\"text-editor.default\">\n\t\t\t\t<div class=\"elementor-widget-container\">\n\t\t\t<style>\/*! elementor - v3.23.0 - 05-08-2024 *\/\n.elementor-widget-text-editor.elementor-drop-cap-view-stacked .elementor-drop-cap{background-color:#69727d;color:#fff}.elementor-widget-text-editor.elementor-drop-cap-view-framed .elementor-drop-cap{color:#69727d;border:3px solid;background-color:transparent}.elementor-widget-text-editor:not(.elementor-drop-cap-view-default) .elementor-drop-cap{margin-top:8px}.elementor-widget-text-editor:not(.elementor-drop-cap-view-default) .elementor-drop-cap-letter{width:1em;height:1em}.elementor-widget-text-editor .elementor-drop-cap{float:left;text-align:center;line-height:1;font-size:50px}.elementor-widget-text-editor .elementor-drop-cap-letter{display:inline-block}<\/style>\t\t\t\t<p>O Fundo de Manuten\u00e7\u00e3o e Desenvolvimento do Ensino Fundamental e de Valoriza\u00e7\u00e3o do Magist\u00e9rio &#8211; FUNDEF foi institu\u00eddo pela Emenda Constitucional n.\u00ba 14, de setembro de 1996, e regulamentado pela Lei n.\u00ba 9.424, de 24 de dezembro do mesmo ano, e pelo Decreto n\u00ba 2.264, de junho de 1997. O FUNDEF foi implantado, nacionalmente, em 1\u00ba de janeiro de 1998, quando passou a vigorar a nova sistem\u00e1tica de redistribui\u00e7\u00e3o dos recursos destinados ao Ensino Fundamental.<\/p>\t\t\t\t\t\t<\/div>\n\t\t\t\t<\/div>\n\t\t\t\t<div class=\"elementor-element elementor-element-81b9a8a elementor-widget-divider--view-line elementor-widget elementor-widget-divider\" data-id=\"81b9a8a\" data-element_type=\"widget\" data-widget_type=\"divider.default\">\n\t\t\t\t<div class=\"elementor-widget-container\">\n\t\t\t<style>\/*! elementor - v3.23.0 - 05-08-2024 *\/\n.elementor-widget-divider{--divider-border-style:none;--divider-border-width:1px;--divider-color:#0c0d0e;--divider-icon-size:20px;--divider-element-spacing:10px;--divider-pattern-height:24px;--divider-pattern-size:20px;--divider-pattern-url:none;--divider-pattern-repeat:repeat-x}.elementor-widget-divider .elementor-divider{display:flex}.elementor-widget-divider .elementor-divider__text{font-size:15px;line-height:1;max-width:95%}.elementor-widget-divider .elementor-divider__element{margin:0 var(--divider-element-spacing);flex-shrink:0}.elementor-widget-divider .elementor-icon{font-size:var(--divider-icon-size)}.elementor-widget-divider .elementor-divider-separator{display:flex;margin:0;direction:ltr}.elementor-widget-divider--view-line_icon .elementor-divider-separator,.elementor-widget-divider--view-line_text .elementor-divider-separator{align-items:center}.elementor-widget-divider--view-line_icon .elementor-divider-separator:after,.elementor-widget-divider--view-line_icon .elementor-divider-separator:before,.elementor-widget-divider--view-line_text .elementor-divider-separator:after,.elementor-widget-divider--view-line_text .elementor-divider-separator:before{display:block;content:\"\";border-block-end:0;flex-grow:1;border-block-start:var(--divider-border-width) var(--divider-border-style) var(--divider-color)}.elementor-widget-divider--element-align-left .elementor-divider .elementor-divider-separator>.elementor-divider__svg:first-of-type{flex-grow:0;flex-shrink:100}.elementor-widget-divider--element-align-left .elementor-divider-separator:before{content:none}.elementor-widget-divider--element-align-left .elementor-divider__element{margin-left:0}.elementor-widget-divider--element-align-right .elementor-divider .elementor-divider-separator>.elementor-divider__svg:last-of-type{flex-grow:0;flex-shrink:100}.elementor-widget-divider--element-align-right .elementor-divider-separator:after{content:none}.elementor-widget-divider--element-align-right .elementor-divider__element{margin-right:0}.elementor-widget-divider--element-align-start .elementor-divider .elementor-divider-separator>.elementor-divider__svg:first-of-type{flex-grow:0;flex-shrink:100}.elementor-widget-divider--element-align-start .elementor-divider-separator:before{content:none}.elementor-widget-divider--element-align-start .elementor-divider__element{margin-inline-start:0}.elementor-widget-divider--element-align-end .elementor-divider .elementor-divider-separator>.elementor-divider__svg:last-of-type{flex-grow:0;flex-shrink:100}.elementor-widget-divider--element-align-end .elementor-divider-separator:after{content:none}.elementor-widget-divider--element-align-end .elementor-divider__element{margin-inline-end:0}.elementor-widget-divider:not(.elementor-widget-divider--view-line_text):not(.elementor-widget-divider--view-line_icon) .elementor-divider-separator{border-block-start:var(--divider-border-width) var(--divider-border-style) var(--divider-color)}.elementor-widget-divider--separator-type-pattern{--divider-border-style:none}.elementor-widget-divider--separator-type-pattern.elementor-widget-divider--view-line .elementor-divider-separator,.elementor-widget-divider--separator-type-pattern:not(.elementor-widget-divider--view-line) .elementor-divider-separator:after,.elementor-widget-divider--separator-type-pattern:not(.elementor-widget-divider--view-line) .elementor-divider-separator:before,.elementor-widget-divider--separator-type-pattern:not([class*=elementor-widget-divider--view]) .elementor-divider-separator{width:100%;min-height:var(--divider-pattern-height);-webkit-mask-size:var(--divider-pattern-size) 100%;mask-size:var(--divider-pattern-size) 100%;-webkit-mask-repeat:var(--divider-pattern-repeat);mask-repeat:var(--divider-pattern-repeat);background-color:var(--divider-color);-webkit-mask-image:var(--divider-pattern-url);mask-image:var(--divider-pattern-url)}.elementor-widget-divider--no-spacing{--divider-pattern-size:auto}.elementor-widget-divider--bg-round{--divider-pattern-repeat:round}.rtl .elementor-widget-divider .elementor-divider__text{direction:rtl}.e-con-inner>.elementor-widget-divider,.e-con>.elementor-widget-divider{width:var(--container-widget-width,100%);--flex-grow:var(--container-widget-flex-grow)}<\/style>\t\t<div class=\"elementor-divider\">\n\t\t\t<span class=\"elementor-divider-separator\">\n\t\t\t\t\t\t<\/span>\n\t\t<\/div>\n\t\t\t\t<\/div>\n\t\t\t\t<\/div>\n\t\t\t\t\t<\/div>\n\t\t<\/div>\n\t\t\t\t\t<\/div>\n\t\t<\/section>\n\t\t\t\t<div class=\"elementor-element elementor-element-c0206b6 elementor-align-center pulse elementor-widget elementor-widget-button\" data-id=\"c0206b6\" data-element_type=\"widget\" data-widget_type=\"button.default\">\n\t\t\t\t<div class=\"elementor-widget-container\">\n\t\t\t\t\t<div class=\"elementor-button-wrapper\">\n\t\t\t<a class=\"elementor-button elementor-button-link elementor-size-sm\" href=\"https:\/\/portal.sinproesemmanucleocm.com.br\">\n\t\t\t\t\t\t<span class=\"elementor-button-content-wrapper\">\n\t\t\t\t\t\t\t\t\t<span class=\"elementor-button-text\">CLIQUE E ACESSE O SISTEMA DE PRECAT\u00d3RIO DO N\u00daCLEO C\u00c2NDIDO MENDES<\/span>\n\t\t\t\t\t<\/span>\n\t\t\t\t\t<\/a>\n\t\t<\/div>\n\t\t\t\t<\/div>\n\t\t\t\t<\/div>\n\t\t\t\t\t<\/div>\n\t\t<\/div>\n\t\t\t\t\t<\/div>\n\t\t<\/section>\n\t\t<div class=\"elementor-element elementor-element-1850231 e-flex e-con-boxed e-con e-parent\" data-id=\"1850231\" data-element_type=\"container\">\n\t\t\t\t\t<div class=\"e-con-inner\">\n\t\t\t\t<div class=\"elementor-element elementor-element-ef8993c elementor-widget elementor-widget-elementskit-faq\" data-id=\"ef8993c\" data-element_type=\"widget\" data-widget_type=\"elementskit-faq.default\">\n\t\t\t\t<div class=\"elementor-widget-container\">\n\t\t\t<div class=\"ekit-wid-con\" >\n                <div class=\"elementskit-single-faq elementor-repeater-item-4218696\">\n            <div class=\"elementskit-faq-header\">\n                <h2 class=\"elementskit-faq-title\">Precat\u00f3rios do FUNDEF -  o que \u00e9?<\/h2>\n            <\/div>\n            <div class=\"elementskit-faq-body\">\n                S\u00e3o os cr\u00e9ditos oriundos de decis\u00f5es judiciais, decorrentes das a\u00e7\u00f5es em que a Uni\u00e3o foi condenada ao pagamento dos valores que deixaram de ser repassados aos Estados, Munic\u00edpios e DF, no per\u00edodo de exist\u00eancia do FUNDEF.            <\/div>\n        <\/div>\n                <div class=\"elementskit-single-faq elementor-repeater-item-dedd98e\">\n            <div class=\"elementskit-faq-header\">\n                <h2 class=\"elementskit-faq-title\">Quem tem direito aos Precat\u00f3rios do FUNDEF?<\/h2>\n            <\/div>\n            <div class=\"elementskit-faq-body\">\n                Os profissionais do magist\u00e9rio ativos, aposentados, efetivos e tempor\u00e1rios, (inclusive pensionistas\/ herdeiros) que estiveram em efetivo exerc\u00edcio na educa\u00e7\u00e3o b\u00e1sica entre os anos de 1998 a 2006, conforme determina a Lei n\u00ba 14.325\/2022.            <\/div>\n        <\/div>\n                <div class=\"elementskit-single-faq elementor-repeater-item-8f77ec2\">\n            <div class=\"elementskit-faq-header\">\n                <h2 class=\"elementskit-faq-title\">Somente professores de C\u00e2ndido Mendes tem direito a este precat\u00f3rio ?<\/h2>\n            <\/div>\n            <div class=\"elementskit-faq-body\">\n                Cada profissional do magist\u00e9rio que trabalhou no per\u00edodo  de 1998 a 2006 em um determinado munic\u00edpio, dever\u00e1 fazer procura\u00e7\u00e3o naquele munic\u00edpio onde prestou servi\u00e7o no magist\u00e9rio, apresentando documentos comprobat\u00f3rios e certamente ter\u00e1 direito.\nPortanto, quem trabalhou em C\u00e2ndido Mendes, ter\u00e1 direito de receber por C\u00e2ndido Mendes.            <\/div>\n        <\/div>\n        \n    <\/div>\t\t<\/div>\n\t\t\t\t<\/div>\n\t\t\t\t\t<\/div>\n\t\t\t\t<\/div>\n\t\t\t\t<\/div>\n\t\t","protected":false},"excerpt":{"rendered":"<p>Informa\u00e7\u00f5es Precat\u00f3rios do FUNDEF O Fundo de Manuten\u00e7\u00e3o e Desenvolvimento do Ensino Fundamental e de Valoriza\u00e7\u00e3o do Magist\u00e9rio &#8211; FUNDEF foi institu\u00eddo pela Emenda Constitucional n.\u00ba 14, de setembro de 1996, e regulamentado pela Lei n.\u00ba 9.424, de 24 de dezembro do mesmo ano, e pelo Decreto n\u00ba 2.264, de junho de 1997. O FUNDEF [&hellip;]<\/p>\n","protected":false},"author":1,"featured_media":0,"parent":0,"menu_order":0,"comment_status":"closed","ping_status":"closed","template":"elementor_header_footer","meta":{"footnotes":""},"class_list":["post-100","page","type-page","status-publish","hentry"],"yoast_head":"<!-- This site is optimized with the Yoast SEO plugin v23.3 - https:\/\/yoast.com\/wordpress\/plugins\/seo\/ -->\n<title>Sinproesemma &#8212; N\u00facleo C\u00e2ndido Mendes<\/title>\n<meta name=\"description\" content=\"SINPROESEMMA - N\u00facleo C\u00e2ndido Mendes: em defesa dos direitos dos trabalhadores em educa\u00e7\u00e3o b\u00e1sica nas redes p\u00fablicas regi\u00e3o de C\u00e2ndido Mendes\" \/>\n<meta name=\"robots\" content=\"index, follow, max-snippet:-1, max-image-preview:large, max-video-preview:-1\" \/>\n<link rel=\"canonical\" href=\"https:\/\/sinproesemmanucleocm.com.br\/\" \/>\n<meta property=\"og:locale\" content=\"pt_BR\" \/>\n<meta property=\"og:type\" content=\"article\" \/>\n<meta property=\"og:title\" content=\"Sinproesemma &#8212; N\u00facleo C\u00e2ndido Mendes\" \/>\n<meta property=\"og:description\" content=\"SINPROESEMMA - N\u00facleo C\u00e2ndido Mendes: em defesa dos direitos dos trabalhadores em educa\u00e7\u00e3o b\u00e1sica nas redes p\u00fablicas regi\u00e3o de C\u00e2ndido Mendes\" \/>\n<meta property=\"og:url\" content=\"https:\/\/sinproesemmanucleocm.com.br\/\" \/>\n<meta property=\"og:site_name\" content=\"sinproesemma\" \/>\n<meta property=\"article:modified_time\" content=\"2024-09-09T12:32:21+00:00\" \/>\n<meta name=\"twitter:card\" content=\"summary_large_image\" \/>\n<meta name=\"twitter:label1\" content=\"Est. tempo de leitura\" \/>\n\t<meta name=\"twitter:data1\" content=\"2 minutos\" \/>\n<script type=\"application\/ld+json\" class=\"yoast-schema-graph\">{\"@context\":\"https:\/\/schema.org\",\"@graph\":[{\"@type\":\"WebPage\",\"@id\":\"https:\/\/sinproesemmanucleocm.com.br\/\",\"url\":\"https:\/\/sinproesemmanucleocm.com.br\/\",\"name\":\"Sinproesemma &#8212; N\u00facleo C\u00e2ndido Mendes\",\"isPartOf\":{\"@id\":\"https:\/\/sinproesemmanucleocm.com.br\/#website\"},\"datePublished\":\"2024-09-01T00:39:22+00:00\",\"dateModified\":\"2024-09-09T12:32:21+00:00\",\"description\":\"SINPROESEMMA - N\u00facleo C\u00e2ndido Mendes: em defesa dos direitos dos trabalhadores em educa\u00e7\u00e3o b\u00e1sica nas redes p\u00fablicas regi\u00e3o de C\u00e2ndido Mendes\",\"breadcrumb\":{\"@id\":\"https:\/\/sinproesemmanucleocm.com.br\/#breadcrumb\"},\"inLanguage\":\"pt-BR\",\"potentialAction\":[{\"@type\":\"ReadAction\",\"target\":[\"https:\/\/sinproesemmanucleocm.com.br\/\"]}]},{\"@type\":\"BreadcrumbList\",\"@id\":\"https:\/\/sinproesemmanucleocm.com.br\/#breadcrumb\",\"itemListElement\":[{\"@type\":\"ListItem\",\"position\":1,\"name\":\"In\u00edcio\",\"item\":\"https:\/\/sinproesemmanucleocm.com.br\/\"},{\"@type\":\"ListItem\",\"position\":2,\"name\":\"home\"}]},{\"@type\":\"WebSite\",\"@id\":\"https:\/\/sinproesemmanucleocm.com.br\/#website\",\"url\":\"https:\/\/sinproesemmanucleocm.com.br\/\",\"name\":\"Sinproesemma - N\u00facleo C\u00e2ndido Mendes\",\"description\":\"Sindicato dos Trabalhadores em Educa\u00e7\u00e3o B\u00e1sica das Redes P\u00fablicas Estadual e Municipais do Estado do Maranh\u00e3o \u2013 SINPROESEMMA, N\u00facleo C\u00e2ndido Mendes\",\"publisher\":{\"@id\":\"https:\/\/sinproesemmanucleocm.com.br\/#organization\"},\"alternateName\":\"Sinproesemma - NCM\",\"potentialAction\":[{\"@type\":\"SearchAction\",\"target\":{\"@type\":\"EntryPoint\",\"urlTemplate\":\"https:\/\/sinproesemmanucleocm.com.br\/?s={search_term_string}\"},\"query-input\":\"required name=search_term_string\"}],\"inLanguage\":\"pt-BR\"},{\"@type\":\"Organization\",\"@id\":\"https:\/\/sinproesemmanucleocm.com.br\/#organization\",\"name\":\"Sinproesemma - N\u00facleo C\u00e2ndido Mendes\",\"url\":\"https:\/\/sinproesemmanucleocm.com.br\/\",\"logo\":{\"@type\":\"ImageObject\",\"inLanguage\":\"pt-BR\",\"@id\":\"https:\/\/sinproesemmanucleocm.com.br\/#\/schema\/logo\/image\/\",\"url\":\"https:\/\/sinproesemmanucleocm.com.br\/wp-content\/uploads\/2024\/08\/LOGO-SINPROESEMMA-CM.png\",\"contentUrl\":\"https:\/\/sinproesemmanucleocm.com.br\/wp-content\/uploads\/2024\/08\/LOGO-SINPROESEMMA-CM.png\",\"width\":544,\"height\":141,\"caption\":\"Sinproesemma - N\u00facleo C\u00e2ndido Mendes\"},\"image\":{\"@id\":\"https:\/\/sinproesemmanucleocm.com.br\/#\/schema\/logo\/image\/\"}}]}<\/script>\n<!-- \/ Yoast SEO plugin. -->","yoast_head_json":{"title":"Sinproesemma &#8212; N\u00facleo C\u00e2ndido Mendes","description":"SINPROESEMMA - N\u00facleo C\u00e2ndido Mendes: em defesa dos direitos dos trabalhadores em educa\u00e7\u00e3o b\u00e1sica nas redes p\u00fablicas regi\u00e3o de C\u00e2ndido Mendes","robots":{"index":"index","follow":"follow","max-snippet":"max-snippet:-1","max-image-preview":"max-image-preview:large","max-video-preview":"max-video-preview:-1"},"canonical":"https:\/\/sinproesemmanucleocm.com.br\/","og_locale":"pt_BR","og_type":"article","og_title":"Sinproesemma &#8212; N\u00facleo C\u00e2ndido Mendes","og_description":"SINPROESEMMA - N\u00facleo C\u00e2ndido Mendes: em defesa dos direitos dos trabalhadores em educa\u00e7\u00e3o b\u00e1sica nas redes p\u00fablicas regi\u00e3o de C\u00e2ndido Mendes","og_url":"https:\/\/sinproesemmanucleocm.com.br\/","og_site_name":"sinproesemma","article_modified_time":"2024-09-09T12:32:21+00:00","twitter_card":"summary_large_image","twitter_misc":{"Est. tempo de leitura":"2 minutos"},"schema":{"@context":"https:\/\/schema.org","@graph":[{"@type":"WebPage","@id":"https:\/\/sinproesemmanucleocm.com.br\/","url":"https:\/\/sinproesemmanucleocm.com.br\/","name":"Sinproesemma &#8212; N\u00facleo C\u00e2ndido Mendes","isPartOf":{"@id":"https:\/\/sinproesemmanucleocm.com.br\/#website"},"datePublished":"2024-09-01T00:39:22+00:00","dateModified":"2024-09-09T12:32:21+00:00","description":"SINPROESEMMA - N\u00facleo C\u00e2ndido Mendes: em defesa dos direitos dos trabalhadores em educa\u00e7\u00e3o b\u00e1sica nas redes p\u00fablicas regi\u00e3o de C\u00e2ndido Mendes","breadcrumb":{"@id":"https:\/\/sinproesemmanucleocm.com.br\/#breadcrumb"},"inLanguage":"pt-BR","potentialAction":[{"@type":"ReadAction","target":["https:\/\/sinproesemmanucleocm.com.br\/"]}]},{"@type":"BreadcrumbList","@id":"https:\/\/sinproesemmanucleocm.com.br\/#breadcrumb","itemListElement":[{"@type":"ListItem","position":1,"name":"In\u00edcio","item":"https:\/\/sinproesemmanucleocm.com.br\/"},{"@type":"ListItem","position":2,"name":"home"}]},{"@type":"WebSite","@id":"https:\/\/sinproesemmanucleocm.com.br\/#website","url":"https:\/\/sinproesemmanucleocm.com.br\/","name":"Sinproesemma - N\u00facleo C\u00e2ndido Mendes","description":"Sindicato dos Trabalhadores em Educa\u00e7\u00e3o B\u00e1sica das Redes P\u00fablicas Estadual e Municipais do Estado do Maranh\u00e3o \u2013 SINPROESEMMA, N\u00facleo C\u00e2ndido Mendes","publisher":{"@id":"https:\/\/sinproesemmanucleocm.com.br\/#organization"},"alternateName":"Sinproesemma - NCM","potentialAction":[{"@type":"SearchAction","target":{"@type":"EntryPoint","urlTemplate":"https:\/\/sinproesemmanucleocm.com.br\/?s={search_term_string}"},"query-input":"required name=search_term_string"}],"inLanguage":"pt-BR"},{"@type":"Organization","@id":"https:\/\/sinproesemmanucleocm.com.br\/#organization","name":"Sinproesemma - N\u00facleo C\u00e2ndido Mendes","url":"https:\/\/sinproesemmanucleocm.com.br\/","logo":{"@type":"ImageObject","inLanguage":"pt-BR","@id":"https:\/\/sinproesemmanucleocm.com.br\/#\/schema\/logo\/image\/","url":"https:\/\/sinproesemmanucleocm.com.br\/wp-content\/uploads\/2024\/08\/LOGO-SINPROESEMMA-CM.png","contentUrl":"https:\/\/sinproesemmanucleocm.com.br\/wp-content\/uploads\/2024\/08\/LOGO-SINPROESEMMA-CM.png","width":544,"height":141,"caption":"Sinproesemma - N\u00facleo C\u00e2ndido Mendes"},"image":{"@id":"https:\/\/sinproesemmanucleocm.com.br\/#\/schema\/logo\/image\/"}}]}},"_links":{"self":[{"href":"https:\/\/sinproesemmanucleocm.com.br\/index.php\/wp-json\/wp\/v2\/pages\/100","targetHints":{"allow":["GET"]}}],"collection":[{"href":"https:\/\/sinproesemmanucleocm.com.br\/index.php\/wp-json\/wp\/v2\/pages"}],"about":[{"href":"https:\/\/sinproesemmanucleocm.com.br\/index.php\/wp-json\/wp\/v2\/types\/page"}],"author":[{"embeddable":true,"href":"https:\/\/sinproesemmanucleocm.com.br\/index.php\/wp-json\/wp\/v2\/users\/1"}],"replies":[{"embeddable":true,"href":"https:\/\/sinproesemmanucleocm.com.br\/index.php\/wp-json\/wp\/v2\/comments?post=100"}],"version-history":[{"count":25,"href":"https:\/\/sinproesemmanucleocm.com.br\/index.php\/wp-json\/wp\/v2\/pages\/100\/revisions"}],"predecessor-version":[{"id":139,"href":"https:\/\/sinproesemmanucleocm.com.br\/index.php\/wp-json\/wp\/v2\/pages\/100\/revisions\/139"}],"wp:attachment":[{"href":"https:\/\/sinproesemmanucleocm.com.br\/index.php\/wp-json\/wp\/v2\/media?parent=100"}],"curies":[{"name":"wp","href":"https:\/\/api.w.org\/{rel}","templated":true}]}}